{"id":143,"date":"2024-09-09T20:01:00","date_gmt":"2024-09-09T20:01:00","guid":{"rendered":"https:\/\/tca95.com\/?page_id=143"},"modified":"2025-11-04T12:31:46","modified_gmt":"2025-11-04T12:31:46","slug":"equipe-de-course","status":"publish","type":"page","link":"https:\/\/tca95.com\/en\/equipe-de-course\/","title":{"rendered":"Race Team"},"content":{"rendered":"<p>[et_pb_section fb_built=\u00a0\u00bb1&Prime; fullwidth=\u00a0\u00bbon\u00a0\u00bb _builder_version=\u00a0\u00bb4.27.0&Prime; _module_preset=\u00a0\u00bbdefault\u00a0\u00bb global_colors_info=\u00a0\u00bb{}\u00a0\u00bb][et_pb_fullwidth_header title=\u00a0\u00bb\u00c9quipe de course\u00a0\u00bb _builder_version=\u00a0\u00bb4.27.0&Prime; _module_preset=\u00a0\u00bbdefault\u00a0\u00bb background_color=\u00a0\u00bb#2b2b2b\u00a0\u00bb use_background_color_gradient=\u00a0\u00bbon\u00a0\u00bb background_color_gradient_direction=\u00a0\u00bb174deg\u00a0\u00bb background_color_gradient_stops=\u00a0\u00bb#ffffff 50%|rgba(255,255,255,0.85) 75%|rgba(255,255,255,0.36) 100%\u00a0\u00bb background_color_gradient_overlays_image=\u00a0\u00bbon\u00a0\u00bb background_color_gradient_start=\u00a0\u00bbrgba(0,0,0,0.5)\u00a0\u00bb background_color_gradient_end=\u00a0\u00bbrgba(0,0,0,0.75)\u00a0\u00bb background_enable_image=\u00a0\u00bboff\u00a0\u00bb background_layout=\u00a0\u00bblight\u00a0\u00bb global_colors_info=\u00a0\u00bb{}\u00a0\u00bb][\/et_pb_fullwidth_header][\/et_pb_section][et_pb_section fb_built=\u00a0\u00bb1&Prime; admin_label=\u00a0\u00bbCall to Action\u00a0\u00bb _builder_version=\u00a0\u00bb4.27.2&Prime; _module_preset=\u00a0\u00bbdefault\u00a0\u00bb background_enable_image=\u00a0\u00bboff\u00a0\u00bb custom_padding=\u00a0\u00bb5vw||5vw||true|false\u00a0\u00bb locked=\u00a0\u00bboff\u00a0\u00bb collapsed=\u00a0\u00bboff\u00a0\u00bb global_colors_info=\u00a0\u00bb{%22gcid-36fd78a7-34bc-404d-873c-dafa34efaae5%22:%91%22background_color%22%93}\u00a0\u00bb][et_pb_row column_structure=\u00a0\u00bb1_2,1_2&Prime; _builder_version=\u00a0\u00bb4.27.2&Prime; _module_preset=\u00a0\u00bbdefault\u00a0\u00bb global_colors_info=\u00a0\u00bb{}\u00a0\u00bb][et_pb_column type=\u00a0\u00bb1_2&Prime; _builder_version=\u00a0\u00bb4.27.2&Prime; _module_preset=\u00a0\u00bbdefault\u00a0\u00bb global_colors_info=\u00a0\u00bb{}\u00a0\u00bb][et_pb_image src=\u00a0\u00bbhttps:\/\/tca95.com\/wp-content\/uploads\/2024\/10\/team95-Medium.jpg\u00a0\u00bb alt=\u00a0\u00bbTeam 95 Laflamme\u00a0\u00bb title_text=\u00a0\u00bbTeam 95 Laflamme\u00a0\u00bb _builder_version=\u00a0\u00bb4.27.4&Prime; _module_preset=\u00a0\u00bbdefault\u00a0\u00bb border_radii=\u00a0\u00bbon|6px|6px|6px|6px\u00a0\u00bb global_colors_info=\u00a0\u00bb{}\u00a0\u00bb][\/et_pb_image][\/et_pb_column][et_pb_column type=\u00a0\u00bb1_2&Prime; _builder_version=\u00a0\u00bb4.27.2&Prime; _module_preset=\u00a0\u00bbdefault\u00a0\u00bb global_colors_info=\u00a0\u00bb{}\u00a0\u00bb][et_pb_text _builder_version=\u00a0\u00bb4.27.2&Prime; _module_preset=\u00a0\u00bbdefault\u00a0\u00bb global_colors_info=\u00a0\u00bb{}\u00a0\u00bb]<\/p>\n<h2>Discover Team 95 Laflamme Motorsport<\/h2>\n<p>Team 95 Laflamme Motorsport is TCA's racing team, dedicated to excellence and performance on the track. With our expertise in engineering and high-performance vehicle preparation, we optimize every detail to push the limits of competition. Our passion for speed and innovation enables us to achieve exceptional results and dominate every race.<\/p>\n<p>&nbsp;<\/p>\n<p>[\/et_pb_text][\/et_pb_column][\/et_pb_row][et_pb_row column_structure=\u00a0\u00bb2_3,1_3&Prime; _builder_version=\u00a0\u00bb4.27.2&Prime; _module_preset=\u00a0\u00bbdefault\u00a0\u00bb global_colors_info=\u00a0\u00bb{}\u00a0\u00bb][et_pb_column type=\u00a0\u00bb2_3&Prime; _builder_version=\u00a0\u00bb4.27.2&Prime; _module_preset=\u00a0\u00bbdefault\u00a0\u00bb global_colors_info=\u00a0\u00bb{}\u00a0\u00bb][et_pb_text _builder_version=\u00a0\u00bb4.27.4&Prime; _module_preset=\u00a0\u00bbdefault\u00a0\u00bb global_colors_info=\u00a0\u00bb{}\u00a0\u00bb]<\/p>\n<h2>Martin Laflamme: A Passion for Innovation<\/h2>\n<p>[\/et_pb_text][et_pb_text _builder_version=\u00a0\u00bb4.27.4&Prime; _module_preset=\u00a0\u00bbdefault\u00a0\u00bb global_colors_info=\u00a0\u00bb{}\u00a0\u00bb]<\/p>\n<p>I admit that school didn't particularly appeal to me when I was young. However, I've always had a desire to learn, which prompted me to head straight for my father's workshop when I got home. My interest in mechanics, machining, development and performance has always been obvious and undeniable.<\/p>\n<p>I added machining, welding and metallurgy to my repertoire, because I was often tired of waiting to receive a part, or because it simply didn't exist any more. That's when I decided to take courses to be able to make my own parts, so I could be independent and not depend on anyone.<\/p>\n<p>A motorsports enthusiast, I spent a long time working in development for a number of well-known companies before opening my own workshop in 2008. Before starting my own business, I was involved in designing products for prototype vehicles or manufacturing prototype parts for certain companies.<\/p>\n<p>I've always followed technological advances and have never been afraid to take risks to innovate. My passion for snowmobile and car racing has always driven me to develop, innovate, keep up with new technologies and surpass myself by creating parts to perform as well as possible.<\/p>\n<p>Having raced with the world's best snowmobile drivers on ice ovals for over 15 years, including Jacques Villeneuve, the Bender brothers, the Decker brothers, the Vessaire brothers, Mike Houle and the Wahl brothers, on the world championship circuit in the USA and at the Valcourt Grand Prix in Canada, these experiences have taught me perseverance, innovation and discipline, qualities that I put into practice every day in my job.<\/p>\n<p>Always a keen competitor, I still take part in drag races on grass in the Snow Stud Pro Stock Championship series in the USA and at the Temis Drag Fest in Canada.<\/p>\n<p>[\/et_pb_text][\/et_pb_column][et_pb_column type=\u00a0\u00bb1_3&Prime; _builder_version=\u00a0\u00bb4.27.2&Prime; _module_preset=\u00a0\u00bbdefault\u00a0\u00bb global_colors_info=\u00a0\u00bb{}\u00a0\u00bb][et_pb_image src=\u00a0\u00bbhttps:\/\/tca95.com\/wp-content\/uploads\/2024\/10\/team95-3-Medium.jpg\u00a0\u00bb alt=\u00a0\u00bbTeam 95 Laflamme\u00a0\u00bb title_text=\u00a0\u00bbTeam 95 Laflamme\u00a0\u00bb _builder_version=\u00a0\u00bb4.27.4&Prime; _module_preset=\u00a0\u00bbdefault\u00a0\u00bb border_radii=\u00a0\u00bbon|6px|6px|6px|6px\u00a0\u00bb global_colors_info=\u00a0\u00bb{}\u00a0\u00bb][\/et_pb_image][\/et_pb_column][\/et_pb_row][et_pb_row _builder_version=\u00a0\u00bb4.27.0&Prime; _module_preset=\u00a0\u00bbdefault\u00a0\u00bb custom_padding=\u00a0\u00bb0px|||||\u00a0\u00bb global_colors_info=\u00a0\u00bb{}\u00a0\u00bb][et_pb_column type=\u00a0\u00bb4_4&Prime; _builder_version=\u00a0\u00bb4.27.0&Prime; _module_preset=\u00a0\u00bbdefault\u00a0\u00bb global_colors_info=\u00a0\u00bb{}\u00a0\u00bb][et_pb_cta title=\u00a0\u00bbVous souhaitez b\u00e9n\u00e9ficier de notre expertise ?\u00a0\u00bb button_url=\u00a0\u00bb@ET-DC@eyJkeW5hbWljIjp0cnVlLCJjb250ZW50IjoicG9zdF9saW5rX3VybF9wYWdlIiwic2V0dGluZ3MiOnsicG9zdF9pZCI6IjE0NiJ9fQ==@\u00a0\u00bb button_text=\u00a0\u00bbVoir la boutique\u00a0\u00bb _builder_version=\u00a0\u00bb4.27.2&Prime; _dynamic_attributes=\u00a0\u00bbbutton_url\u00a0\u00bb _module_preset=\u00a0\u00bb4c2ad5d0-871e-414e-a4be-aa9134d4ae8e\u00a0\u00bb header_font=\u00a0\u00bbSyne|Syne_weight|||||||\u00a0\u00bb header_text_color=\u00a0\u00bb#FFFFFF\u00a0\u00bb header_line_height=\u00a0\u00bb1.2em\u00a0\u00bb body_font=\u00a0\u00bbInter||||||||\u00a0\u00bb body_text_color=\u00a0\u00bb#FFFFFF\u00a0\u00bb body_font_size=\u00a0\u00bb18px\u00a0\u00bb body_line_height=\u00a0\u00bb1.75em\u00a0\u00bb background_color=\u00a0\u00bbrgba(0,0,0,0.5)\u00a0\u00bb background_image=\u00a0\u00bbhttps:\/\/tca95.com\/wp-content\/uploads\/2024\/10\/DSC_0110-Medium.jpg\u00a0\u00bb background_blend=\u00a0\u00bbdarken\u00a0\u00bb background_layout=\u00a0\u00bblight\u00a0\u00bb custom_padding=\u00a0\u00bb100px|60px|100px|60px|true|true\u00a0\u00bb custom_padding_tablet=\u00a0\u00bb70px|30px|70px|30px|true|true\u00a0\u00bb custom_padding_phone=\u00a0\u00bb40px|20px|40px|20px|true|true\u00a0\u00bb custom_padding_last_edited=\u00a0\u00bbon|tablet\u00a0\u00bb header_font_size_tablet=\u00a0\u00bb28px\u00a0\u00bb header_font_size_phone=\u00a0\u00bb20px\u00a0\u00bb header_font_size_last_edited=\u00a0\u00bbon|desktop\u00a0\u00bb body_font_size_tablet=\u00a0\u00bb16px\u00a0\u00bb body_font_size_phone=\u00a0\u00bb14px\u00a0\u00bb body_font_size_last_edited=\u00a0\u00bbon|phone\u00a0\u00bb border_radii=\u00a0\u00bbon|6px|6px|6px|6px\u00a0\u00bb box_shadow_style=\u00a0\u00bbpreset3&Prime; box_shadow_vertical=\u00a0\u00bb24px\u00a0\u00bb box_shadow_blur=\u00a0\u00bb72px\u00a0\u00bb box_shadow_spread=\u00a0\u00bb-12px\u00a0\u00bb box_shadow_color=\u00a0\u00bbrgba(0,0,0,0.12)\u00a0\u00bb locked=\u00a0\u00bboff\u00a0\u00bb global_colors_info=\u00a0\u00bb{%22gcid-f2943306-fa6c-45f0-b632-5fc00151366a%22:%91%22button_text_color%22%93,%22gcid-36fd78a7-34bc-404d-873c-dafa34efaae5%22:%91%22button_text_color%22,%22color%22,%22background_color%22%93,%22gcid-7cadd8b3-5228-48e4-90c4-212d09232f7b%22:%91%22color%22,%22color%22,%22color%22,%22color%22%93,%22gcid-f113ad93-2527-46d7-862b-fc71181c6b5e%22:%91%22border_color_all%22,%22border_color_all%22%93}\u00a0\u00bb text_font_size_tablet=\u00a0\u00bb16px\u00a0\u00bb text_font_size_phone=\u00a0\u00bb14px\u00a0\u00bb text_font_size_last_edited=\u00a0\u00bbon|phone\u00a0\u00bb]<\/p>\n<p>Discover our in-house designed performance parts, commercially available to all on our website. Take advantage of our know-how to improve your performance!<\/p>\n<p>[\/et_pb_cta][\/et_pb_column][\/et_pb_row][\/et_pb_section][et_pb_section fb_built=\u00a0\u00bb1&Prime; admin_label=\u00a0\u00bbCall to Action\u00a0\u00bb _builder_version=\u00a0\u00bb4.27.0&Prime; _module_preset=\u00a0\u00bbdefault\u00a0\u00bb use_background_color_gradient=\u00a0\u00bbon\u00a0\u00bb background_color_gradient_stops=\u00a0\u00bbrgba(0,0,0,0.75) 0%|rgba(0,0,0,0.75) 100%\u00a0\u00bb background_color_gradient_overlays_image=\u00a0\u00bbon\u00a0\u00bb background_image=\u00a0\u00bbhttps:\/\/tca95.com\/wp-content\/uploads\/2024\/10\/CTA_BG.webp\u00a0\u00bb parallax=\u00a0\u00bbon\u00a0\u00bb custom_padding=\u00a0\u00bb5vw||5vw||true|false\u00a0\u00bb locked=\u00a0\u00bboff\u00a0\u00bb collapsed=\u00a0\u00bbon\u00a0\u00bb global_colors_info=\u00a0\u00bb{%22gcid-36fd78a7-34bc-404d-873c-dafa34efaae5%22:%91%22background_color%22%93}\u00a0\u00bb][et_pb_row _builder_version=\u00a0\u00bb4.24.3&Prime; _module_preset=\u00a0\u00bb5138c454-be54-4233-bd3b-f8e6a8747976&Prime; locked=\u00a0\u00bboff\u00a0\u00bb global_colors_info=\u00a0\u00bb{}\u00a0\u00bb][et_pb_column type=\u00a0\u00bb4_4&Prime; _builder_version=\u00a0\u00bb4.18.0&Prime; _module_preset=\u00a0\u00bb73121f80-a3ef-4484-8763-c3f18e3c56d2&Prime; global_colors_info=\u00a0\u00bb{}\u00a0\u00bb][et_pb_cta title=\u00a0\u00bbContactez-nous d\u00e8s aujourd&rsquo;hui\u00a0\u00bb button_url=\u00a0\u00bb@ET-DC@eyJkeW5hbWljIjp0cnVlLCJjb250ZW50IjoicG9zdF9saW5rX3VybF9wYWdlIiwic2V0dGluZ3MiOnsicG9zdF9pZCI6IjE0NiJ9fQ==@\u00a0\u00bb button_text=\u00a0\u00bbDiscutons de votre projet\u00a0\u00bb _builder_version=\u00a0\u00bb4.27.2&Prime; _dynamic_attributes=\u00a0\u00bbbutton_url\u00a0\u00bb _module_preset=\u00a0\u00bb4c2ad5d0-871e-414e-a4be-aa9134d4ae8e\u00a0\u00bb header_font=\u00a0\u00bbSyne|Syne_weight|||||||\u00a0\u00bb header_text_color=\u00a0\u00bb#111111&Prime; header_font_size=\u00a0\u00bb50px\u00a0\u00bb header_line_height=\u00a0\u00bb1.2em\u00a0\u00bb body_font=\u00a0\u00bbInter||||||||\u00a0\u00bb body_text_color=\u00a0\u00bbrgba(0,0,0,0.64)\u00a0\u00bb body_font_size=\u00a0\u00bb18px\u00a0\u00bb body_line_height=\u00a0\u00bb1.75em\u00a0\u00bb background_color=\u00a0\u00bb#FFFFFF\u00a0\u00bb background_layout=\u00a0\u00bblight\u00a0\u00bb custom_padding=\u00a0\u00bb60px|60px|60px|60px|true|true\u00a0\u00bb custom_padding_tablet=\u00a0\u00bb30px|30px|30px|30px|true|true\u00a0\u00bb custom_padding_phone=\u00a0\u00bb20px|20px|20px|20px|true|true\u00a0\u00bb custom_padding_last_edited=\u00a0\u00bbon|desktop\u00a0\u00bb header_font_size_tablet=\u00a0\u00bb28px\u00a0\u00bb header_font_size_phone=\u00a0\u00bb20px\u00a0\u00bb header_font_size_last_edited=\u00a0\u00bbon|phone\u00a0\u00bb body_font_size_tablet=\u00a0\u00bb16px\u00a0\u00bb body_font_size_phone=\u00a0\u00bb14px\u00a0\u00bb body_font_size_last_edited=\u00a0\u00bbon|phone\u00a0\u00bb border_radii=\u00a0\u00bbon|6px|6px|6px|6px\u00a0\u00bb box_shadow_style=\u00a0\u00bbpreset3&Prime; box_shadow_vertical=\u00a0\u00bb24px\u00a0\u00bb box_shadow_blur=\u00a0\u00bb72px\u00a0\u00bb box_shadow_spread=\u00a0\u00bb-12px\u00a0\u00bb box_shadow_color=\u00a0\u00bbrgba(0,0,0,0.12)\u00a0\u00bb locked=\u00a0\u00bboff\u00a0\u00bb global_colors_info=\u00a0\u00bb{%22gcid-f2943306-fa6c-45f0-b632-5fc00151366a%22:%91%22button_text_color%22%93,%22gcid-36fd78a7-34bc-404d-873c-dafa34efaae5%22:%91%22button_text_color%22,%22color%22,%22background_color%22%93,%22gcid-7cadd8b3-5228-48e4-90c4-212d09232f7b%22:%91%22color%22,%22color%22,%22color%22,%22color%22%93,%22gcid-f113ad93-2527-46d7-862b-fc71181c6b5e%22:%91%22border_color_all%22,%22border_color_all%22%93}\u00a0\u00bb text_font_size_tablet=\u00a0\u00bb16px\u00a0\u00bb text_font_size_phone=\u00a0\u00bb14px\u00a0\u00bb text_font_size_last_edited=\u00a0\u00bbon|phone\u00a0\u00bb]<\/p>\n<p>At TCA - Technologie Concept Avangarde inc. we're ready to answer all your questions and discuss your specific needs. Whether you have a project in mind or would like to find out more about our services, don't hesitate to contact us. Together, we can turn your ideas into reality.<\/p>\n<p>[\/et_pb_cta][dsm_masonry_gallery gallery_ids=\u00a0\u00bb212,213,217,218,219,220,221,374,375,373,379,411,410&Prime; dsm_sort_images_order=\u00a0\u00bbrand\u00a0\u00bb columns=\u00a0\u00bb2&Prime; gutter=\u00a0\u00bb25&Prime; use_zoom_on_hover=\u00a0\u00bbon\u00a0\u00bb _builder_version=\u00a0\u00bb4.27.4&Prime; _module_preset=\u00a0\u00bbdefault\u00a0\u00bb border_radii_grid=\u00a0\u00bbon|6px|6px|6px|6px\u00a0\u00bb global_colors_info=\u00a0\u00bb{}\u00a0\u00bb][\/dsm_masonry_gallery][et_pb_gallery _builder_version=\u00a0\u00bb4.27.4&Prime; _module_preset=\u00a0\u00bbdefault\u00a0\u00bb hover_enabled=\u00a0\u00bb0&Prime; sticky_enabled=\u00a0\u00bb0&Prime;][\/et_pb_gallery][\/et_pb_column][\/et_pb_row][\/et_pb_section]<\/p>","protected":false},"excerpt":{"rendered":"<p>D\u00e9couvrez Team 95 Laflamme Motorsport Team 95 Laflamme Motorsport est l&rsquo;\u00e9quipe de course de TCA, d\u00e9di\u00e9e \u00e0 l&rsquo;excellence et \u00e0 la performance sur piste. Gr\u00e2ce \u00e0 notre expertise en ing\u00e9nierie et \u00e0 la pr\u00e9paration de v\u00e9hicules haute performance, nous optimisons chaque d\u00e9tail pour repousser les limites de la comp\u00e9tition. Notre passion pour la vitesse et l&rsquo;innovation nous permet d&rsquo;atteindre des r\u00e9sultats exceptionnels et de dominer chaque course. &nbsp;Martin Laflamme : Une Passion au Service de l&rsquo;InnovationJ&rsquo;avoue que l\u2019\u00e9cole ne m&rsquo;attirait pas particuli\u00e8rement quand j\u2019\u00e9tais jeune. Cependant, j&rsquo;ai toujours eu le d\u00e9sir d\u2019apprendre, ce qui me poussait \u00e0 me diriger rapidement vers l\u2019atelier de mon p\u00e8re \u00e0 mon retour \u00e0 la maison. Mon int\u00e9r\u00eat pour la m\u00e9canique, l\u2019usinage, le d\u00e9veloppement et la performance a toujours \u00e9t\u00e9 \u00e9vident et ind\u00e9niable. J\u2019ai ajout\u00e9 le volet usinage, soudure et m\u00e9tallurgie \u00e0 mon r\u00e9pertoire, parce que j\u2019\u00e9tais souvent tann\u00e9 d\u2019attendre de recevoir une pi\u00e8ce ou parce qu\u2019elle n\u2019existait tout simplement plus. C\u2019est l\u00e0 que j\u2019ai d\u00e9cid\u00e9 de suivre des cours pour \u00eatre capable de fabriquer mes propres pi\u00e8ces, afin d\u2019\u00eatre ind\u00e9pendant et de ne pas d\u00e9pendre de personne. Adepte de sports motoris\u00e9s, j&rsquo;ai longtemps \u0153uvr\u00e9 en d\u00e9veloppement pour quelques entreprises reconnues avant d\u2019ouvrir mon propre [&hellip;]<\/p>","protected":false},"author":1,"featured_media":0,"parent":0,"menu_order":0,"comment_status":"closed","ping_status":"closed","template":"","meta":{"_acf_changed":false,"_et_pb_use_builder":"on","_et_pb_old_content":"","_et_gb_content_width":"","footnotes":""},"class_list":["post-143","page","type-page","status-publish","hentry"],"acf":[],"yoast_head":"<!-- This site is optimized with the Yoast SEO plugin v26.6 - https:\/\/yoast.com\/wordpress\/plugins\/seo\/ -->\n<title>\u00c9quipe de course - TCA - Technologie Concept Avangarde inc<\/title>\n<meta name=\"description\" content=\"D\u00e9couvrez Team 95 Laflamme Motorsport, l&#039;\u00e9quipe de course de TCA. Nous repoussons les limites pour des r\u00e9sultats exceptionnels sur la piste.\" \/>\n<meta name=\"robots\" content=\"index, follow, max-snippet:-1, max-image-preview:large, max-video-preview:-1\" \/>\n<link rel=\"canonical\" href=\"https:\/\/tca95.com\/en\/equipe-de-course\/\" \/>\n<meta property=\"og:locale\" content=\"en_US\" \/>\n<meta property=\"og:type\" content=\"article\" \/>\n<meta property=\"og:title\" content=\"\u00c9quipe de course - TCA - Technologie Concept Avangarde inc\" \/>\n<meta property=\"og:description\" content=\"D\u00e9couvrez Team 95 Laflamme Motorsport, l&#039;\u00e9quipe de course de TCA. Nous repoussons les limites pour des r\u00e9sultats exceptionnels sur la piste.\" \/>\n<meta property=\"og:url\" content=\"https:\/\/tca95.com\/en\/equipe-de-course\/\" \/>\n<meta property=\"og:site_name\" content=\"TCA - Technologie Concept Avangarde inc\" \/>\n<meta property=\"article:modified_time\" content=\"2025-11-04T12:31:46+00:00\" \/>\n<meta name=\"twitter:card\" content=\"summary_large_image\" \/>\n<meta name=\"twitter:label1\" content=\"Est. reading time\" \/>\n\t<meta name=\"twitter:data1\" content=\"3 minutes\" \/>\n<script type=\"application\/ld+json\" class=\"yoast-schema-graph\">{\"@context\":\"https:\/\/schema.org\",\"@graph\":[{\"@type\":\"WebPage\",\"@id\":\"https:\/\/tca95.com\/equipe-de-course\/\",\"url\":\"https:\/\/tca95.com\/equipe-de-course\/\",\"name\":\"\u00c9quipe de course - TCA - Technologie Concept Avangarde inc\",\"isPartOf\":{\"@id\":\"https:\/\/tca95.com\/#website\"},\"datePublished\":\"2024-09-09T20:01:00+00:00\",\"dateModified\":\"2025-11-04T12:31:46+00:00\",\"description\":\"D\u00e9couvrez Team 95 Laflamme Motorsport, l'\u00e9quipe de course de TCA. Nous repoussons les limites pour des r\u00e9sultats exceptionnels sur la piste.\",\"breadcrumb\":{\"@id\":\"https:\/\/tca95.com\/equipe-de-course\/#breadcrumb\"},\"inLanguage\":\"en-CA\",\"potentialAction\":[{\"@type\":\"ReadAction\",\"target\":[\"https:\/\/tca95.com\/equipe-de-course\/\"]}]},{\"@type\":\"BreadcrumbList\",\"@id\":\"https:\/\/tca95.com\/equipe-de-course\/#breadcrumb\",\"itemListElement\":[{\"@type\":\"ListItem\",\"position\":1,\"name\":\"Home\",\"item\":\"https:\/\/tca95.com\/\"},{\"@type\":\"ListItem\",\"position\":2,\"name\":\"\u00c9quipe de course\"}]},{\"@type\":\"WebSite\",\"@id\":\"https:\/\/tca95.com\/#website\",\"url\":\"https:\/\/tca95.com\/\",\"name\":\"TCA - Technologie Concept Avangarde inc\",\"description\":\"Solutions d&#039;ing\u00e9nierie novatrices\",\"publisher\":{\"@id\":\"https:\/\/tca95.com\/#organization\"},\"potentialAction\":[{\"@type\":\"SearchAction\",\"target\":{\"@type\":\"EntryPoint\",\"urlTemplate\":\"https:\/\/tca95.com\/?s={search_term_string}\"},\"query-input\":{\"@type\":\"PropertyValueSpecification\",\"valueRequired\":true,\"valueName\":\"search_term_string\"}}],\"inLanguage\":\"en-CA\"},{\"@type\":\"Organization\",\"@id\":\"https:\/\/tca95.com\/#organization\",\"name\":\"TCA - Technologie Concept Avangarde inc\",\"url\":\"https:\/\/tca95.com\/\",\"logo\":{\"@type\":\"ImageObject\",\"inLanguage\":\"en-CA\",\"@id\":\"https:\/\/tca95.com\/#\/schema\/logo\/image\/\",\"url\":\"https:\/\/tca95.com\/wp-content\/uploads\/2024\/08\/Centre-Multi-Service_TCA_Logo_BLANC.png\",\"contentUrl\":\"https:\/\/tca95.com\/wp-content\/uploads\/2024\/08\/Centre-Multi-Service_TCA_Logo_BLANC.png\",\"width\":1556,\"height\":710,\"caption\":\"TCA - Technologie Concept Avangarde inc\"},\"image\":{\"@id\":\"https:\/\/tca95.com\/#\/schema\/logo\/image\/\"}}]}<\/script>\n<!-- \/ Yoast SEO plugin. -->","yoast_head_json":{"title":"\u00c9quipe de course - TCA - Technologie Concept Avangarde inc","description":"D\u00e9couvrez Team 95 Laflamme Motorsport, l'\u00e9quipe de course de TCA. Nous repoussons les limites pour des r\u00e9sultats exceptionnels sur la piste.","robots":{"index":"index","follow":"follow","max-snippet":"max-snippet:-1","max-image-preview":"max-image-preview:large","max-video-preview":"max-video-preview:-1"},"canonical":"https:\/\/tca95.com\/en\/equipe-de-course\/","og_locale":"en_US","og_type":"article","og_title":"\u00c9quipe de course - TCA - Technologie Concept Avangarde inc","og_description":"D\u00e9couvrez Team 95 Laflamme Motorsport, l'\u00e9quipe de course de TCA. Nous repoussons les limites pour des r\u00e9sultats exceptionnels sur la piste.","og_url":"https:\/\/tca95.com\/en\/equipe-de-course\/","og_site_name":"TCA - Technologie Concept Avangarde inc","article_modified_time":"2025-11-04T12:31:46+00:00","twitter_card":"summary_large_image","twitter_misc":{"Est. reading time":"3 minutes"},"schema":{"@context":"https:\/\/schema.org","@graph":[{"@type":"WebPage","@id":"https:\/\/tca95.com\/equipe-de-course\/","url":"https:\/\/tca95.com\/equipe-de-course\/","name":"\u00c9quipe de course - TCA - Technologie Concept Avangarde inc","isPartOf":{"@id":"https:\/\/tca95.com\/#website"},"datePublished":"2024-09-09T20:01:00+00:00","dateModified":"2025-11-04T12:31:46+00:00","description":"D\u00e9couvrez Team 95 Laflamme Motorsport, l'\u00e9quipe de course de TCA. Nous repoussons les limites pour des r\u00e9sultats exceptionnels sur la piste.","breadcrumb":{"@id":"https:\/\/tca95.com\/equipe-de-course\/#breadcrumb"},"inLanguage":"en-CA","potentialAction":[{"@type":"ReadAction","target":["https:\/\/tca95.com\/equipe-de-course\/"]}]},{"@type":"BreadcrumbList","@id":"https:\/\/tca95.com\/equipe-de-course\/#breadcrumb","itemListElement":[{"@type":"ListItem","position":1,"name":"Home","item":"https:\/\/tca95.com\/"},{"@type":"ListItem","position":2,"name":"\u00c9quipe de course"}]},{"@type":"WebSite","@id":"https:\/\/tca95.com\/#website","url":"https:\/\/tca95.com\/","name":"TCA - Technologie Concept Avangarde inc","description":"Solutions d&#039;ing\u00e9nierie novatrices","publisher":{"@id":"https:\/\/tca95.com\/#organization"},"potentialAction":[{"@type":"SearchAction","target":{"@type":"EntryPoint","urlTemplate":"https:\/\/tca95.com\/?s={search_term_string}"},"query-input":{"@type":"PropertyValueSpecification","valueRequired":true,"valueName":"search_term_string"}}],"inLanguage":"en-CA"},{"@type":"Organization","@id":"https:\/\/tca95.com\/#organization","name":"TCA - Technologie Concept Avangarde inc","url":"https:\/\/tca95.com\/","logo":{"@type":"ImageObject","inLanguage":"en-CA","@id":"https:\/\/tca95.com\/#\/schema\/logo\/image\/","url":"https:\/\/tca95.com\/wp-content\/uploads\/2024\/08\/Centre-Multi-Service_TCA_Logo_BLANC.png","contentUrl":"https:\/\/tca95.com\/wp-content\/uploads\/2024\/08\/Centre-Multi-Service_TCA_Logo_BLANC.png","width":1556,"height":710,"caption":"TCA - Technologie Concept Avangarde inc"},"image":{"@id":"https:\/\/tca95.com\/#\/schema\/logo\/image\/"}}]}},"_links":{"self":[{"href":"https:\/\/tca95.com\/en\/wp-json\/wp\/v2\/pages\/143","targetHints":{"allow":["GET"]}}],"collection":[{"href":"https:\/\/tca95.com\/en\/wp-json\/wp\/v2\/pages"}],"about":[{"href":"https:\/\/tca95.com\/en\/wp-json\/wp\/v2\/types\/page"}],"author":[{"embeddable":true,"href":"https:\/\/tca95.com\/en\/wp-json\/wp\/v2\/users\/1"}],"replies":[{"embeddable":true,"href":"https:\/\/tca95.com\/en\/wp-json\/wp\/v2\/comments?post=143"}],"version-history":[{"count":23,"href":"https:\/\/tca95.com\/en\/wp-json\/wp\/v2\/pages\/143\/revisions"}],"predecessor-version":[{"id":651,"href":"https:\/\/tca95.com\/en\/wp-json\/wp\/v2\/pages\/143\/revisions\/651"}],"wp:attachment":[{"href":"https:\/\/tca95.com\/en\/wp-json\/wp\/v2\/media?parent=143"}],"curies":[{"name":"wp","href":"https:\/\/api.w.org\/{rel}","templated":true}]}}